{"id":39,"date":"2024-03-13T13:39:05","date_gmt":"2024-03-13T13:39:05","guid":{"rendered":"https:\/\/kutyaszertar.hu\/caryon\/home\/"},"modified":"2024-10-03T04:35:59","modified_gmt":"2024-10-03T04:35:59","slug":"home","status":"publish","type":"page","link":"https:\/\/kutyaszertar.hu\/caryon\/","title":{"rendered":"Kezd\u0151lap"},"content":{"rendered":"\n\n\n<p>A Caryon Kft. elk\u00f6telezett a kis\u00e1llatok boldogs\u00e1ga \u00e9s eg\u00e9szs\u00e9ge ir\u00e1nt.&nbsp;<\/p><p>Ez\u00e9rt kiz\u00e1r\u00f3lag min\u0151s\u00e9gi \u00e1llateledelt \u00e9s professzion\u00e1lis orvosi ell\u00e1t\u00e1st k\u00edn\u00e1lunk.&nbsp;<\/p><p>C\u00e9lunk, hogy a kis\u00e1llattart\u00f3k sz\u00e1m\u00e1ra mindent biztos\u00edtsunk, amire kis\u00e1llatuk boldogs\u00e1g\u00e1hoz \u00e9s eg\u00e9szs\u00e9g\u00e9hez sz\u00fcks\u00e9g\u00fck van.&nbsp;<\/p><p>Szak\u00e9rtelm\u00fcnkkel \u00e9s elk\u00f6telezetts\u00e9g\u00fcnkkel hozz\u00e1j\u00e1rulunk a kis\u00e1llatok hosszabb \u00e9s teljesebb \u00e9let\u00e9hez.&nbsp;<br><\/p><p>Hisz\u00fcnk benne, hogy a kis\u00e1llatok is csal\u00e1dtagok, \u00e9s meg\u00e9rdemlik a legjobbakat.<\/p>\n\n\n<p>A Caryon Kft. Magyarorsz\u00e1g egyik legjobb kis\u00e1llateledel-forgalmaz\u00f3j\u00e1v\u00e1 v\u00e1lt.&nbsp;<\/p><p><br><\/p><p>A c\u00e9g sz\u00e9lesk\u00f6r\u0171 term\u00e9kk\u00edn\u00e1lattal rendelkezik, amely mag\u00e1ba foglalja a sz\u00e1raz- \u00e9s nedves eledeleket, a konzerv\u00e1lt eledeleket, a snackeket, a kieg\u00e9sz\u00edt\u0151ket \u00e9s az \u00e1pol\u00e1si term\u00e9keket.&nbsp;<\/p><p><br><\/p><p>A Caryon Kft. kiz\u00e1r\u00f3lag min\u0151s\u00e9gi term\u00e9keket forgalmaz, amelyeket gondosan v\u00e1logatnak \u00f6ssze.<\/p>\n\n\n<p>A Caryon Kft. professzion\u00e1lis orvosi ell\u00e1t\u00e1st is ny\u00fajt.&nbsp;<\/p><p>Sz\u00e9lesk\u00f6r\u0171 szolg\u00e1ltat\u00e1sokat k\u00edn\u00e1lunk, bele\u00e9rtve a megel\u0151z\u0151 ell\u00e1t\u00e1st, a betegell\u00e1t\u00e1st, a seb\u00e9szetet \u00e9s a rehabilit\u00e1ci\u00f3t.<br><\/p><p>K\u00e9nyelmes \u00e9s stresszmentes k\u00f6rnyezetet biztos\u00edtunk a kis\u00e1llatok sz\u00e1m\u00e1ra.<\/p><p>Szem\u00e9lyre szabott tan\u00e1csad\u00e1ssal seg\u00edtj\u00fck a kis\u00e1llattart\u00f3kat.<\/p><p>Hisz\u00fcnk benne, hogy a kis\u00e1llatok is csal\u00e1dtagok, \u00e9s meg\u00e9rdemlik a legjobb orvosi ell\u00e1t\u00e1st.<\/p>\n\n\n\n\n\n\n\n\n<h3>Min\u0151s\u00e9g mindenek el\u0151tt<\/h3>\nKiz\u00e1r\u00f3lag megb\u00edzhat\u00f3 besz\u00e1ll\u00edt\u00f3 partnerekkel \u00e1llunk kapcsolatban, akik ugyanazokat az \u00e9rt\u00e9keket vallj\u00e1k, mint mi. Csak a legjobb min\u0151s\u00e9g\u0171 term\u00e9keket forgalmazzuk, amelyeket szigor\u00fa min\u0151s\u00e9gellen\u0151rz\u00e9snek vet\u00fcnk al\u00e1.\n\n\n\n\n<h4>R\u00f3lunk<\/h4>\n\n\n<h4>\u00dczeleteink<\/h4>\n\n\n<h4>Kapcsolat<\/h4>\n\n\n\n\n<h2>Caryon Kft. &#8211; Ahol nem csak a kis\u00e1llatok boldogs\u00e1ga a sz\u00edv\u00fcgy\u00fcnk, hanem a F\u00f6ld\u00fcnk\u00e9 is!<\/h2>\n\n\n\n\n\n\n<h4>Mit gondolunk?<\/h4>\nA Caryon Kft.-n\u00e9l nem csak a kis\u00e1llatok boldogs\u00e1ga, de a F\u00f6ld\u00fcnk\u00e9rt \u00e9rzett felel\u0151ss\u00e9g is kiemelt fontoss\u00e1g\u00fa. Elk\u00f6telezettek vagyunk a fenntarthat\u00f3s\u00e1g ir\u00e1nt, \u00e9s mindent megtesz\u00fcnk annak \u00e9rdek\u00e9ben, hogy tev\u00e9kenys\u00e9g\u00fcnk minim\u00e1lis k\u00f6rnyezeti terhet r\u00f3jon.\n\n\n\n\n\n\n\n\n\n\n<h2>Mit tesz\u00fcnk?&nbsp;<\/h2>\n\n\nT\u00f6bbs\u00e9g\u00e9ben olyan term\u00e9keket forgalmazunk, amelyek gy\u00e1rt\u00e1sa sor\u00e1n kiemelt figyelmet ford\u00edtanak a k\u00f6rnyezetv\u00e9delemre. Sz\u00e1mos term\u00e9k\u00fcnk \u00fajrahasznos\u00edtott anyagokb\u00f3l k\u00e9sz\u00fcl, \u00e9s csomagol\u00e1sa is fenntarthat\u00f3 forr\u00e1sb\u00f3l sz\u00e1rmazik.\n\n\n\u00dczleteinkben energiatakar\u00e9kos f\u00e9nyforr\u00e1sokat \u00e9s&nbsp; LED-vil\u00e1g\u00edt\u00e1st haszn\u00e1lunk, \u00e9s igyeksz\u00fcnk minimaliz\u00e1lni a hullad\u00e9ktermel\u00e9st.\n\n\nA kisz\u00e1ll\u00edt\u00e1st sor\u00e1n saj\u00e1t modern a mai elv\u00e1r\u00e1soknak megfelel\u0151 g\u00e9pj\u00e1rm\u0171vekkel v\u00e9gezz\u00fck. Tov\u00e1bb\u00e1 igyeksz\u00fcnk CO2-kompenz\u00e1lt fut\u00e1rszolg\u00e1lattal egy\u00fctt dolgozni, \u00edgy \u00fcgyfeleink is hozz\u00e1j\u00e1rulhatnak a k\u00f6rnyezetv\u00e9delemhez.\n\n\nKeresse fel \u00fczleteinket, \u00e9s fedezze fel a Kutyaszert\u00e1rak k\u00f6rnyezettudatos k\u00edn\u00e1lat\u00e1t!\n<br><br>\nCaryon Kft. &#8211; Ahol a kis\u00e1llatok boldogs\u00e1ga a sz\u00edv\u00fcgy\u00fcnk, \u00e9s a F\u00f6ld\u00fcnk\u00e9 is!\n\n\n\n\n\n\n<h2>Legfrisebb h\u00edrek&nbsp;<\/h2>\n\n\n\u00c1llatorvosi rendel\u0151nk szeretettel v\u00e1rja kedvenceit a h\u00e9t minden napj\u00e1n!&nbsp;<p><br><\/p><p>H\u00e9tf\u0151t\u0151l p\u00e9ntekig 16:00-18:00 \u00f3r\u00e1ig \u00e1llunk rendelkez\u00e9s\u00e9re, hogy biztos\u00edtsuk kedvence eg\u00e9szs\u00e9g\u00e9t \u00e9s j\u00f3l\u00e9t\u00e9t.&nbsp;<\/p><p><br><\/p><p>Rendel\u0151 c\u00edme:&nbsp;<br>B\u00e1tasz\u00e9k Budai \u00dat 41.<br><\/p>\n\n\n\u00d6r\u00f6mmel t\u00e1j\u00e9koztatjuk v\u00e1s\u00e1rl\u00f3inkat, hogy \u00faj term\u00e9kekkel b\u0151v\u00edtett\u00fck k\u00edn\u00e1latunkat!\n\n\n\u00c9rdekl\u0151dj\u00f6n \u00fczleteinkben az egyedi kedvezm\u00e9nyekr\u0151l!\n<br><br>\nCaryon Kft. &#8211; Ahol a kis\u00e1llatok boldogs\u00e1ga a sz\u00edv\u00fcgy\u00fcnk!\n<br><br>\nK\u00f6vessen minket a Facebookon is.\n\n\n\n\n","protected":false},"excerpt":{"rendered":"","protected":false},"author":1,"featured_media":0,"parent":0,"menu_order":0,"comment_status":"closed","ping_status":"closed","template":"","meta":{"pagelayer_contact_templates":[],"_pagelayer_content":"","footnotes":""},"class_list":["post-39","page","type-page","status-publish","hentry"],"_links":{"self":[{"href":"https:\/\/kutyaszertar.hu\/caryon\/wp-json\/wp\/v2\/pages\/39","targetHints":{"allow":["GET"]}}],"collection":[{"href":"https:\/\/kutyaszertar.hu\/caryon\/wp-json\/wp\/v2\/pages"}],"about":[{"href":"https:\/\/kutyaszertar.hu\/caryon\/wp-json\/wp\/v2\/types\/page"}],"author":[{"embeddable":true,"href":"https:\/\/kutyaszertar.hu\/caryon\/wp-json\/wp\/v2\/users\/1"}],"replies":[{"embeddable":true,"href":"https:\/\/kutyaszertar.hu\/caryon\/wp-json\/wp\/v2\/comments?post=39"}],"version-history":[{"count":19,"href":"https:\/\/kutyaszertar.hu\/caryon\/wp-json\/wp\/v2\/pages\/39\/revisions"}],"predecessor-version":[{"id":178,"href":"https:\/\/kutyaszertar.hu\/caryon\/wp-json\/wp\/v2\/pages\/39\/revisions\/178"}],"wp:attachment":[{"href":"https:\/\/kutyaszertar.hu\/caryon\/wp-json\/wp\/v2\/media?parent=39"}],"curies":[{"name":"wp","href":"https:\/\/api.w.org\/{rel}","templated":true}]}}